{"id":20,"date":"2025-09-10T09:30:49","date_gmt":"2025-09-10T09:30:49","guid":{"rendered":"https:\/\/hoclamkinhte.com\/?page_id=20"},"modified":"2025-12-10T02:56:19","modified_gmt":"2025-12-10T02:56:19","slug":"trang-chu","status":"publish","type":"page","link":"https:\/\/hoclamkinhte.com\/index.php\/trang-chu\/","title":{"rendered":"Trang ch\u1ee7"},"content":{"rendered":"\n<p>Ch\u00e0o m\u1eebng \u0111\u1ebfn v\u1edbi trang web c\u1ee7a b\u1ea1n! \u0110\u00e2y l\u00e0 trang ch\u1ee7 c\u1ee7a b\u1ea1n, n\u01a1i m\u00e0 h\u1ea7u h\u1ebft ng\u01b0\u1eddi truy c\u1eadp s\u1ebd nh\u00ecn th\u1ea5y khi l\u1ea7n \u0111\u1ea7u h\u1ecd \u0111\u1ebfn trang web c\u1ee7a b\u1ea1n.<\/p>\n\n\n\n<figure class=\"wp-block-image size-large\"><img loading=\"lazy\" decoding=\"async\" width=\"1024\" height=\"574\" src=\"https:\/\/hoclamkinhte.com\/wp-content\/uploads\/2025\/12\/pngtree-book-and-cup-of-coffee-on-the-table-picture-image_2655023-1024x574.png\" alt=\"\" class=\"wp-image-116\" srcset=\"https:\/\/hoclamkinhte.com\/wp-content\/uploads\/2025\/12\/pngtree-book-and-cup-of-coffee-on-the-table-picture-image_2655023-1024x574.png 1024w, https:\/\/hoclamkinhte.com\/wp-content\/uploads\/2025\/12\/pngtree-book-and-cup-of-coffee-on-the-table-picture-image_2655023-300x168.png 300w, https:\/\/hoclamkinhte.com\/wp-content\/uploads\/2025\/12\/pngtree-book-and-cup-of-coffee-on-the-table-picture-image_2655023-768x431.png 768w, https:\/\/hoclamkinhte.com\/wp-content\/uploads\/2025\/12\/pngtree-book-and-cup-of-coffee-on-the-table-picture-image_2655023.png 1200w\" sizes=\"auto, (max-width: 1024px) 100vw, 1024px\" \/><\/figure>\n","protected":false},"excerpt":{"rendered":"<p>Ch\u00e0o m\u1eebng \u0111\u1ebfn v\u1edbi trang web c\u1ee7a b\u1ea1n! \u0110\u00e2y l\u00e0 trang ch\u1ee7 c\u1ee7a b\u1ea1n, n\u01a1i m\u00e0 h\u1ea7u h\u1ebft ng\u01b0\u1eddi truy [&hellip;]<\/p>\n","protected":false},"author":1,"featured_media":0,"parent":0,"menu_order":0,"comment_status":"closed","ping_status":"closed","template":"","meta":{"site-sidebar-layout":"default","site-content-layout":"","ast-site-content-layout":"default","site-content-style":"default","site-sidebar-style":"default","ast-global-header-display":"","ast-banner-title-visibility":"","ast-main-header-display":"","ast-hfb-above-header-display":"","ast-hfb-below-header-display":"","ast-hfb-mobile-header-display":"","site-post-title":"","ast-breadcrumbs-content":"","ast-featured-img":"","footer-sml-layout":"","theme-transparent-header-meta":"","adv-header-id-meta":"","stick-header-meta":"","header-above-stick-meta":"","header-main-stick-meta":"","header-below-stick-meta":"","astra-migrate-meta-layouts":"default","ast-page-background-enabled":"default","ast-page-background-meta":{"desktop":{"background-color":"var(--ast-global-color-5)","background-image":"","background-repeat":"repeat","background-position":"center center","background-size":"auto","background-attachment":"scroll","background-type":"","background-media":"","overlay-type":"","overlay-color":"","overlay-opacity":"","overlay-gradient":""},"tablet":{"background-color":"","background-image":"","background-repeat":"repeat","background-position":"center center","background-size":"auto","background-attachment":"scroll","background-type":"","background-media":"","overlay-type":"","overlay-color":"","overlay-opacity":"","overlay-gradient":""},"mobile":{"background-color":"","background-image":"","background-repeat":"repeat","background-position":"center center","background-size":"auto","background-attachment":"scroll","background-type":"","background-media":"","overlay-type":"","overlay-color":"","overlay-opacity":"","overlay-gradient":""}},"ast-content-background-meta":{"desktop":{"background-color":"var(--ast-global-color-4)","background-image":"","background-repeat":"repeat","background-position":"center center","background-size":"auto","background-attachment":"scroll","background-type":"","background-media":"","overlay-type":"","overlay-color":"","overlay-opacity":"","overlay-gradient":""},"tablet":{"background-color":"var(--ast-global-color-4)","background-image":"","background-repeat":"repeat","background-position":"center center","background-size":"auto","background-attachment":"scroll","background-type":"","background-media":"","overlay-type":"","overlay-color":"","overlay-opacity":"","overlay-gradient":""},"mobile":{"background-color":"var(--ast-global-color-4)","background-image":"","background-repeat":"repeat","background-position":"center center","background-size":"auto","background-attachment":"scroll","background-type":"","background-media":"","overlay-type":"","overlay-color":"","overlay-opacity":"","overlay-gradient":""}},"footnotes":""},"class_list":["post-20","page","type-page","status-publish","hentry"],"_links":{"self":[{"href":"https:\/\/hoclamkinhte.com\/index.php\/wp-json\/wp\/v2\/pages\/20","targetHints":{"allow":["GET"]}}],"collection":[{"href":"https:\/\/hoclamkinhte.com\/index.php\/wp-json\/wp\/v2\/pages"}],"about":[{"href":"https:\/\/hoclamkinhte.com\/index.php\/wp-json\/wp\/v2\/types\/page"}],"author":[{"embeddable":true,"href":"https:\/\/hoclamkinhte.com\/index.php\/wp-json\/wp\/v2\/users\/1"}],"replies":[{"embeddable":true,"href":"https:\/\/hoclamkinhte.com\/index.php\/wp-json\/wp\/v2\/comments?post=20"}],"version-history":[{"count":2,"href":"https:\/\/hoclamkinhte.com\/index.php\/wp-json\/wp\/v2\/pages\/20\/revisions"}],"predecessor-version":[{"id":117,"href":"https:\/\/hoclamkinhte.com\/index.php\/wp-json\/wp\/v2\/pages\/20\/revisions\/117"}],"wp:attachment":[{"href":"https:\/\/hoclamkinhte.com\/index.php\/wp-json\/wp\/v2\/media?parent=20"}],"curies":[{"name":"wp","href":"https:\/\/api.w.org\/{rel}","templated":true}]}}